{"id":2362,"date":"2019-04-27T23:59:32","date_gmt":"2019-04-28T03:59:32","guid":{"rendered":"http:\/\/stg.dollarama.com\/?page_id=2362"},"modified":"2019-07-09T18:58:54","modified_gmt":"2019-07-09T22:58:54","slug":"evenements-et-presentations","status":"publish","type":"page","link":"https:\/\/stg.dollarama.com\/fr\/evenements-et-presentations","title":{"rendered":"\u00c9v\u00e9nements et pr\u00e9sentations"},"content":{"rendered":"<div class=\"row\">\n<div class=\"col-xs-3\">2 juillet 2019<\/div>\n<div class=\"col-xs-9\">\n<strong>Dollarama fera l&rsquo;acquisition d&rsquo;une participation de 50,1 % dans Dollarcity, d\u00e9taillant \u00e0 bas prix latino-am\u00e9ricain, mettant ainsi en place une deuxi\u00e8me plateforme de croissance<\/strong><\/p>\n<div style=\"width: 30px; float: left;\" class=\"\">\n<i class=\"icon-pdf grunt-pdf\"><\/i>\n<\/div>\n<div><a href=\"https:\/\/corpodev.dollarama.com\/wp-content\/uploads\/2019\/07\/Project-Sunshine-IR-deck-v2019-07-02.pdf\">Voir la pr\u00e9sentation<\/a><\/div>\n<\/div>\n<\/div>\n<hr \/>\n<div class=\"row\">\n<div class=\"col-xs-3\">2 juillet 2019<\/div>\n<div class=\"col-xs-9\">\n<strong>Annonce relative \u00e0 Dollarcity<\/strong><\/p>\n<div style=\"width: 30px; float: left; min-height: 48px;\" class=\"\">\n<i class=\"icon-play-icon grunt-webcast\"><\/i>\n<\/div>\n<div><a href=\"https:\/\/edge.media-server.com\/m6\/p\/2nxx7j6f\">Acc\u00e9der \u00e0 la rediffusion<\/a><br \/>\n<span class=\"text-muted\" style=\"font-size: 90%;\">Rediffusion disponible jusqu&rsquo;au 1 juillet 2020<\/span><\/div>\n<\/div>\n<\/div>\n<hr \/>\n<div class=\"row\">\n<div class=\"col-xs-3\">14 juin 2019<\/div>\n<div class=\"col-xs-9\">\n<strong>Pr\u00e9sentation aux investisseurs<\/strong><\/p>\n<div style=\"width: 30px; float: left;\" class=\"\">\n<i class=\"icon-pdf grunt-pdf\"><\/i>\n<\/div>\n<div><a href=\"https:\/\/stg.dollarama.com\/wp-content\/uploads\/2019\/07\/Dollarama-Investor-Presentation-June-14-2019.pdf\">Voir la pr\u00e9sentation<\/a><\/div>\n<\/div>\n<\/div>\n<hr \/>\n<div class=\"row\">\n<div class=\"col-xs-3\">13 juin 2019<\/div>\n<div class=\"col-xs-9\">\n<strong>Assembl\u00e9e annuelle des actionnaires et r\u00e9sultats du premier trimestre de l&rsquo;exercice 2020<\/strong><\/p>\n<div style=\"width: 30px; float: left; min-height: 48px;\" class=\"\">\n<i class=\"icon-play-icon grunt-webcast\"><\/i>\n<\/div>\n<div><a href=\"https:\/\/edge.media-server.com\/m6\/p\/gub452gs\">Acc\u00e9der \u00e0 la rediffusion<\/a><br \/>\n<span class=\"text-muted\" style=\"font-size: 90%;\">Rediffusion disponible jusqu&rsquo;au 12 juin 2020<\/span>\n<\/div>\n<\/div>\n<\/div>\n<hr \/>\n<div class=\"row\">\n<div class=\"col-xs-3\">9 avril 2019<\/div>\n<div class=\"col-xs-9\">\n<strong>Pr\u00e9sentation aux investisseurs<\/strong><\/p>\n<div style=\"width: 30px; float: left;\" class=\"\">\n<i class=\"icon-pdf grunt-pdf\"><\/i>\n<\/div>\n<div><a href=\"https:\/\/stg.dollarama.com\/wp-content\/uploads\/2019\/04\/Dollarama-Investor-Presentation-April-9-2019.pdf\">Voir la pr\u00e9sentation<\/a><\/div>\n<\/div>\n<\/div>\n","protected":false},"excerpt":{"rendered":"<p>2 juillet 2019 Dollarama fera l&rsquo;acquisition d&rsquo;une participation de 50,1 % dans Dollarcity, d\u00e9taillant \u00e0 bas prix latino-am\u00e9ricain, mettant ainsi en place une deuxi\u00e8me plateforme de croissance Voir la pr\u00e9sentation 2 juillet 2019 Annonce relative \u00e0 Dollarcity Acc\u00e9der \u00e0 la rediffusion Rediffusion disponible jusqu&rsquo;au 1 juillet 2020 14 juin 2019 Pr\u00e9sentation aux investisseurs Voir la [&hellip;]<\/p>\n","protected":false},"author":2,"featured_media":0,"parent":0,"menu_order":0,"comment_status":"closed","ping_status":"closed","template":"template-events.php","meta":{"footnotes":""},"class_list":["post-2362","page","type-page","status-publish","hentry"],"yoast_head":"<!-- This site is optimized with the Yoast SEO plugin v26.2 - https:\/\/yoast.com\/wordpress\/plugins\/seo\/ -->\n<title>\u00c9v\u00e9nements et pr\u00e9sentations - Dollarama<\/title>\n<meta name=\"robots\" content=\"noindex, nofollow\" \/>\n<meta property=\"og:locale\" content=\"fr_CA\" \/>\n<meta property=\"og:type\" content=\"article\" \/>\n<meta property=\"og:title\" content=\"\u00c9v\u00e9nements et pr\u00e9sentations - Dollarama\" \/>\n<meta property=\"og:description\" content=\"2 juillet 2019 Dollarama fera l&rsquo;acquisition d&rsquo;une participation de 50,1 % dans Dollarcity, d\u00e9taillant \u00e0 bas prix latino-am\u00e9ricain, mettant ainsi en place une deuxi\u00e8me plateforme de croissance Voir la pr\u00e9sentation 2 juillet 2019 Annonce relative \u00e0 Dollarcity Acc\u00e9der \u00e0 la rediffusion Rediffusion disponible jusqu&rsquo;au 1 juillet 2020 14 juin 2019 Pr\u00e9sentation aux investisseurs Voir la [&hellip;]\" \/>\n<meta property=\"og:url\" content=\"https:\/\/stg.dollarama.com\/fr\/evenements-et-presentations\" \/>\n<meta property=\"og:site_name\" content=\"Dollarama\" \/>\n<meta property=\"article:modified_time\" content=\"2019-07-09T22:58:54+00:00\" \/>\n<meta name=\"twitter:card\" content=\"summary_large_image\" \/>\n<script type=\"application\/ld+json\" class=\"yoast-schema-graph\">{\"@context\":\"https:\/\/schema.org\",\"@graph\":[{\"@type\":\"WebPage\",\"@id\":\"https:\/\/stg.dollarama.com\/fr\/evenements-et-presentations\",\"url\":\"https:\/\/stg.dollarama.com\/fr\/evenements-et-presentations\",\"name\":\"\u00c9v\u00e9nements et pr\u00e9sentations - Dollarama\",\"isPartOf\":{\"@id\":\"https:\/\/stg.dollarama.com\/#website\"},\"datePublished\":\"2019-04-28T03:59:32+00:00\",\"dateModified\":\"2019-07-09T22:58:54+00:00\",\"breadcrumb\":{\"@id\":\"https:\/\/stg.dollarama.com\/fr\/evenements-et-presentations#breadcrumb\"},\"inLanguage\":\"fr-CA\",\"potentialAction\":[{\"@type\":\"ReadAction\",\"target\":[\"https:\/\/stg.dollarama.com\/fr\/evenements-et-presentations\"]}]},{\"@type\":\"BreadcrumbList\",\"@id\":\"https:\/\/stg.dollarama.com\/fr\/evenements-et-presentations#breadcrumb\",\"itemListElement\":[{\"@type\":\"ListItem\",\"position\":1,\"name\":\"Home\",\"item\":\"https:\/\/stg.dollarama.com\/fr\"},{\"@type\":\"ListItem\",\"position\":2,\"name\":\"\u00c9v\u00e9nements et pr\u00e9sentations\"}]},{\"@type\":\"WebSite\",\"@id\":\"https:\/\/stg.dollarama.com\/#website\",\"url\":\"https:\/\/stg.dollarama.com\/\",\"name\":\"Dollarama\",\"description\":\"Site Corporatif Dollarama\",\"potentialAction\":[{\"@type\":\"SearchAction\",\"target\":{\"@type\":\"EntryPoint\",\"urlTemplate\":\"https:\/\/stg.dollarama.com\/?s={search_term_string}\"},\"query-input\":{\"@type\":\"PropertyValueSpecification\",\"valueRequired\":true,\"valueName\":\"search_term_string\"}}],\"inLanguage\":\"fr-CA\"}]}<\/script>\n<!-- \/ Yoast SEO plugin. -->","yoast_head_json":{"title":"\u00c9v\u00e9nements et pr\u00e9sentations - Dollarama","robots":{"index":"noindex","follow":"nofollow"},"og_locale":"fr_CA","og_type":"article","og_title":"\u00c9v\u00e9nements et pr\u00e9sentations - Dollarama","og_description":"2 juillet 2019 Dollarama fera l&rsquo;acquisition d&rsquo;une participation de 50,1 % dans Dollarcity, d\u00e9taillant \u00e0 bas prix latino-am\u00e9ricain, mettant ainsi en place une deuxi\u00e8me plateforme de croissance Voir la pr\u00e9sentation 2 juillet 2019 Annonce relative \u00e0 Dollarcity Acc\u00e9der \u00e0 la rediffusion Rediffusion disponible jusqu&rsquo;au 1 juillet 2020 14 juin 2019 Pr\u00e9sentation aux investisseurs Voir la [&hellip;]","og_url":"https:\/\/stg.dollarama.com\/fr\/evenements-et-presentations","og_site_name":"Dollarama","article_modified_time":"2019-07-09T22:58:54+00:00","twitter_card":"summary_large_image","schema":{"@context":"https:\/\/schema.org","@graph":[{"@type":"WebPage","@id":"https:\/\/stg.dollarama.com\/fr\/evenements-et-presentations","url":"https:\/\/stg.dollarama.com\/fr\/evenements-et-presentations","name":"\u00c9v\u00e9nements et pr\u00e9sentations - Dollarama","isPartOf":{"@id":"https:\/\/stg.dollarama.com\/#website"},"datePublished":"2019-04-28T03:59:32+00:00","dateModified":"2019-07-09T22:58:54+00:00","breadcrumb":{"@id":"https:\/\/stg.dollarama.com\/fr\/evenements-et-presentations#breadcrumb"},"inLanguage":"fr-CA","potentialAction":[{"@type":"ReadAction","target":["https:\/\/stg.dollarama.com\/fr\/evenements-et-presentations"]}]},{"@type":"BreadcrumbList","@id":"https:\/\/stg.dollarama.com\/fr\/evenements-et-presentations#breadcrumb","itemListElement":[{"@type":"ListItem","position":1,"name":"Home","item":"https:\/\/stg.dollarama.com\/fr"},{"@type":"ListItem","position":2,"name":"\u00c9v\u00e9nements et pr\u00e9sentations"}]},{"@type":"WebSite","@id":"https:\/\/stg.dollarama.com\/#website","url":"https:\/\/stg.dollarama.com\/","name":"Dollarama","description":"Site Corporatif Dollarama","potentialAction":[{"@type":"SearchAction","target":{"@type":"EntryPoint","urlTemplate":"https:\/\/stg.dollarama.com\/?s={search_term_string}"},"query-input":{"@type":"PropertyValueSpecification","valueRequired":true,"valueName":"search_term_string"}}],"inLanguage":"fr-CA"}]}},"_links":{"self":[{"href":"https:\/\/stg.dollarama.com\/fr\/wp-json\/wp\/v2\/pages\/2362","targetHints":{"allow":["GET"]}}],"collection":[{"href":"https:\/\/stg.dollarama.com\/fr\/wp-json\/wp\/v2\/pages"}],"about":[{"href":"https:\/\/stg.dollarama.com\/fr\/wp-json\/wp\/v2\/types\/page"}],"author":[{"embeddable":true,"href":"https:\/\/stg.dollarama.com\/fr\/wp-json\/wp\/v2\/users\/2"}],"replies":[{"embeddable":true,"href":"https:\/\/stg.dollarama.com\/fr\/wp-json\/wp\/v2\/comments?post=2362"}],"version-history":[{"count":7,"href":"https:\/\/stg.dollarama.com\/fr\/wp-json\/wp\/v2\/pages\/2362\/revisions"}],"predecessor-version":[{"id":2503,"href":"https:\/\/stg.dollarama.com\/fr\/wp-json\/wp\/v2\/pages\/2362\/revisions\/2503"}],"wp:attachment":[{"href":"https:\/\/stg.dollarama.com\/fr\/wp-json\/wp\/v2\/media?parent=2362"}],"curies":[{"name":"wp","href":"https:\/\/api.w.org\/{rel}","templated":true}]}}