{"id":2397,"date":"2019-06-11T19:02:18","date_gmt":"2019-06-11T23:02:18","guid":{"rendered":"http:\/\/stg.dollarama.com\/?page_id=2397"},"modified":"2026-01-22T09:41:28","modified_gmt":"2026-01-22T14:41:28","slug":"rappels-de-produits","status":"publish","type":"page","link":"https:\/\/stg.dollarama.com\/fr\/rappels-de-produits","title":{"rendered":"Rappels de produits"},"content":{"rendered":"<p>Chez Dollarama, la s\u00e9curit\u00e9 des produits de consommation est notre plus grande priorit\u00e9. Afin d\u2019informer directement nos clients au sujet des rappels de produits, nous publions ci-dessous les avis de rappel \u00e9mis par les fabricants ou les organismes de r\u00e9glementation.<\/p>\n<p>Bien que les renseignements pr\u00e9sent\u00e9s sur cette page soient r\u00e9guli\u00e8rement mis \u00e0 jour, la liste des rappels qui y est affich\u00e9e peut ne pas \u00eatre exhaustive ou compl\u00e8te. Les avis de rappel sont habituellement affich\u00e9s pendant un an.<\/p>\n<p>Pour obtenir les renseignements complets sur les produits de consommation et les avis de rappel au Canada, veuillez consulter les sites Web suivants\u00a0:<\/p>\n<ul>\n<li><a href=\"https:\/\/healthycanadians.gc.ca\/recall-alert-rappel-avis\/index-fra.php\">Gouvernement du Canada<\/a><\/li>\n<li><a href=\"http:\/\/www.inspection.gc.ca\/\">Agence canadienne d\u2019inspection des aliments<\/a><\/li>\n<li><a href=\"http:\/\/www.hc-sc.gc.ca\">Sant\u00e9 Canada<\/a><\/li>\n<\/ul>\n<p>Si vous avez des questions au sujet de la s\u00e9curit\u00e9 des produits chez Dollarama, n\u2019h\u00e9sitez pas \u00e0 communiquer avec notre \u00e9quipe du service \u00e0 la client\u00e8le par t\u00e9l\u00e9phone au 1\u00a0888\u00a0365-4266 (sans frais) ou <a href=\"https:\/\/www.dollarama.com\/fr-CA\/corp\/nous-joindre\">en ligne<\/a>.<\/p>\n","protected":false},"excerpt":{"rendered":"<p>Chez Dollarama, la s\u00e9curit\u00e9 des produits de consommation est notre plus grande priorit\u00e9. Afin d\u2019informer directement nos clients au sujet des rappels de produits, nous publions ci-dessous les avis de rappel \u00e9mis par les fabricants ou les organismes de r\u00e9glementation. Bien que les renseignements pr\u00e9sent\u00e9s sur cette page soient r\u00e9guli\u00e8rement mis \u00e0 jour, la liste [&hellip;]<\/p>\n","protected":false},"author":2,"featured_media":0,"parent":0,"menu_order":0,"comment_status":"closed","ping_status":"closed","template":"template-recalls.php","meta":{"footnotes":""},"class_list":["post-2397","page","type-page","status-publish","hentry"],"yoast_head":"<!-- This site is optimized with the Yoast SEO plugin v26.2 - https:\/\/yoast.com\/wordpress\/plugins\/seo\/ -->\n<title>Rappels de produits - Dollarama<\/title>\n<meta name=\"robots\" content=\"noindex, nofollow\" \/>\n<meta property=\"og:locale\" content=\"fr_CA\" \/>\n<meta property=\"og:type\" content=\"article\" \/>\n<meta property=\"og:title\" content=\"Rappels de produits - Dollarama\" \/>\n<meta property=\"og:description\" content=\"Chez Dollarama, la s\u00e9curit\u00e9 des produits de consommation est notre plus grande priorit\u00e9. Afin d\u2019informer directement nos clients au sujet des rappels de produits, nous publions ci-dessous les avis de rappel \u00e9mis par les fabricants ou les organismes de r\u00e9glementation. Bien que les renseignements pr\u00e9sent\u00e9s sur cette page soient r\u00e9guli\u00e8rement mis \u00e0 jour, la liste [&hellip;]\" \/>\n<meta property=\"og:url\" content=\"https:\/\/stg.dollarama.com\/fr\/rappels-de-produits\" \/>\n<meta property=\"og:site_name\" content=\"Dollarama\" \/>\n<meta property=\"article:modified_time\" content=\"2026-01-22T14:41:28+00:00\" \/>\n<meta name=\"twitter:card\" content=\"summary_large_image\" \/>\n<meta name=\"twitter:label1\" content=\"Estimation du temps de lecture\" \/>\n\t<meta name=\"twitter:data1\" content=\"2 minutes\" \/>\n<script type=\"application\/ld+json\" class=\"yoast-schema-graph\">{\"@context\":\"https:\/\/schema.org\",\"@graph\":[{\"@type\":\"WebPage\",\"@id\":\"https:\/\/stg.dollarama.com\/fr\/rappels-de-produits\",\"url\":\"https:\/\/stg.dollarama.com\/fr\/rappels-de-produits\",\"name\":\"Rappels de produits - Dollarama\",\"isPartOf\":{\"@id\":\"https:\/\/stg.dollarama.com\/#website\"},\"datePublished\":\"2019-06-11T23:02:18+00:00\",\"dateModified\":\"2026-01-22T14:41:28+00:00\",\"breadcrumb\":{\"@id\":\"https:\/\/stg.dollarama.com\/fr\/rappels-de-produits#breadcrumb\"},\"inLanguage\":\"fr-CA\",\"potentialAction\":[{\"@type\":\"ReadAction\",\"target\":[\"https:\/\/stg.dollarama.com\/fr\/rappels-de-produits\"]}]},{\"@type\":\"BreadcrumbList\",\"@id\":\"https:\/\/stg.dollarama.com\/fr\/rappels-de-produits#breadcrumb\",\"itemListElement\":[{\"@type\":\"ListItem\",\"position\":1,\"name\":\"Home\",\"item\":\"https:\/\/stg.dollarama.com\/fr\"},{\"@type\":\"ListItem\",\"position\":2,\"name\":\"Rappels de produits\"}]},{\"@type\":\"WebSite\",\"@id\":\"https:\/\/stg.dollarama.com\/#website\",\"url\":\"https:\/\/stg.dollarama.com\/\",\"name\":\"Dollarama\",\"description\":\"Site Corporatif Dollarama\",\"potentialAction\":[{\"@type\":\"SearchAction\",\"target\":{\"@type\":\"EntryPoint\",\"urlTemplate\":\"https:\/\/stg.dollarama.com\/?s={search_term_string}\"},\"query-input\":{\"@type\":\"PropertyValueSpecification\",\"valueRequired\":true,\"valueName\":\"search_term_string\"}}],\"inLanguage\":\"fr-CA\"}]}<\/script>\n<!-- \/ Yoast SEO plugin. -->","yoast_head_json":{"title":"Rappels de produits - Dollarama","robots":{"index":"noindex","follow":"nofollow"},"og_locale":"fr_CA","og_type":"article","og_title":"Rappels de produits - Dollarama","og_description":"Chez Dollarama, la s\u00e9curit\u00e9 des produits de consommation est notre plus grande priorit\u00e9. Afin d\u2019informer directement nos clients au sujet des rappels de produits, nous publions ci-dessous les avis de rappel \u00e9mis par les fabricants ou les organismes de r\u00e9glementation. Bien que les renseignements pr\u00e9sent\u00e9s sur cette page soient r\u00e9guli\u00e8rement mis \u00e0 jour, la liste [&hellip;]","og_url":"https:\/\/stg.dollarama.com\/fr\/rappels-de-produits","og_site_name":"Dollarama","article_modified_time":"2026-01-22T14:41:28+00:00","twitter_card":"summary_large_image","twitter_misc":{"Estimation du temps de lecture":"2 minutes"},"schema":{"@context":"https:\/\/schema.org","@graph":[{"@type":"WebPage","@id":"https:\/\/stg.dollarama.com\/fr\/rappels-de-produits","url":"https:\/\/stg.dollarama.com\/fr\/rappels-de-produits","name":"Rappels de produits - Dollarama","isPartOf":{"@id":"https:\/\/stg.dollarama.com\/#website"},"datePublished":"2019-06-11T23:02:18+00:00","dateModified":"2026-01-22T14:41:28+00:00","breadcrumb":{"@id":"https:\/\/stg.dollarama.com\/fr\/rappels-de-produits#breadcrumb"},"inLanguage":"fr-CA","potentialAction":[{"@type":"ReadAction","target":["https:\/\/stg.dollarama.com\/fr\/rappels-de-produits"]}]},{"@type":"BreadcrumbList","@id":"https:\/\/stg.dollarama.com\/fr\/rappels-de-produits#breadcrumb","itemListElement":[{"@type":"ListItem","position":1,"name":"Home","item":"https:\/\/stg.dollarama.com\/fr"},{"@type":"ListItem","position":2,"name":"Rappels de produits"}]},{"@type":"WebSite","@id":"https:\/\/stg.dollarama.com\/#website","url":"https:\/\/stg.dollarama.com\/","name":"Dollarama","description":"Site Corporatif Dollarama","potentialAction":[{"@type":"SearchAction","target":{"@type":"EntryPoint","urlTemplate":"https:\/\/stg.dollarama.com\/?s={search_term_string}"},"query-input":{"@type":"PropertyValueSpecification","valueRequired":true,"valueName":"search_term_string"}}],"inLanguage":"fr-CA"}]}},"_links":{"self":[{"href":"https:\/\/stg.dollarama.com\/fr\/wp-json\/wp\/v2\/pages\/2397","targetHints":{"allow":["GET"]}}],"collection":[{"href":"https:\/\/stg.dollarama.com\/fr\/wp-json\/wp\/v2\/pages"}],"about":[{"href":"https:\/\/stg.dollarama.com\/fr\/wp-json\/wp\/v2\/types\/page"}],"author":[{"embeddable":true,"href":"https:\/\/stg.dollarama.com\/fr\/wp-json\/wp\/v2\/users\/2"}],"replies":[{"embeddable":true,"href":"https:\/\/stg.dollarama.com\/fr\/wp-json\/wp\/v2\/comments?post=2397"}],"version-history":[{"count":1,"href":"https:\/\/stg.dollarama.com\/fr\/wp-json\/wp\/v2\/pages\/2397\/revisions"}],"predecessor-version":[{"id":2398,"href":"https:\/\/stg.dollarama.com\/fr\/wp-json\/wp\/v2\/pages\/2397\/revisions\/2398"}],"wp:attachment":[{"href":"https:\/\/stg.dollarama.com\/fr\/wp-json\/wp\/v2\/media?parent=2397"}],"curies":[{"name":"wp","href":"https:\/\/api.w.org\/{rel}","templated":true}]}}