{"id":433,"date":"2015-11-25T20:20:35","date_gmt":"2015-11-26T01:20:35","guid":{"rendered":"http:\/\/dolla.jplaverdure.ca\/fr\/accessibility-for-ontarians-with-disabilities-act\/"},"modified":"2024-06-10T08:58:06","modified_gmt":"2024-06-10T12:58:06","slug":"loi-sur-l-accessibilite-pour-les-personnes-handicapees-de-l-ontario","status":"publish","type":"page","link":"https:\/\/stg.dollarama.com\/fr\/loi-sur-l-accessibilite-pour-les-personnes-handicapees-de-l-ontario","title":{"rendered":"Accessibilit\u00e9"},"content":{"rendered":"<p>Dollarama s\u2019engage \u00e0 fournir \u00e0 ses clients un environnement sans obstacles et \u00e0 offrir ses produits et services en respectant la dignit\u00e9 et l\u2019ind\u00e9pendance des personnes handicap\u00e9es.<\/p>\n<h2>Processus de r\u00e9troaction<\/h2>\n<p>Vous pouvez faire parvenir vos commentaires sur l\u2019accessibilit\u00e9 des produits et services de Dollarama pour les personnes handicap\u00e9es \u00e0 l\u2019adresse suivante :<\/p>\n<p><strong>Montr\u00e9al:<\/strong><br \/>\nRessources humaines<br \/>\n5805 Royalmount<br \/>\nMontr\u00e9al, QC H4P 0A1<\/p>\n<p>T\u00e9l.: 514-737-1006<\/p>\n<p>Ou par courriel : <a href=\"mailto:client@dollarama.com\">client@dollarama.com<\/a><\/p>\n","protected":false},"excerpt":{"rendered":"<p>Dollarama s\u2019engage \u00e0 fournir \u00e0 ses clients un environnement sans obstacles et \u00e0 offrir ses produits et services en respectant la dignit\u00e9 et l\u2019ind\u00e9pendance des personnes handicap\u00e9es. Processus de r\u00e9troaction Vous pouvez faire parvenir vos commentaires sur l\u2019accessibilit\u00e9 des produits et services de Dollarama pour les personnes handicap\u00e9es \u00e0 l\u2019adresse suivante : Montr\u00e9al: Ressources humaines [&hellip;]<\/p>\n","protected":false},"author":1,"featured_media":0,"parent":0,"menu_order":0,"comment_status":"closed","ping_status":"closed","template":"template-aoda-with-fields.php","meta":{"footnotes":""},"class_list":["post-433","page","type-page","status-publish","hentry"],"yoast_head":"<!-- This site is optimized with the Yoast SEO plugin v26.2 - https:\/\/yoast.com\/wordpress\/plugins\/seo\/ -->\n<title>Accessibilit\u00e9 - Dollarama<\/title>\n<meta name=\"description\" content=\"D\u00e9couvrez comment Dollarama supporte la Loi sur l\u2019accessibilit\u00e9 pour les personnes handicap\u00e9es de l\u2019Ontario.\" \/>\n<meta name=\"robots\" content=\"noindex, nofollow\" \/>\n<meta property=\"og:locale\" content=\"fr_CA\" \/>\n<meta property=\"og:type\" content=\"article\" \/>\n<meta property=\"og:title\" content=\"Accessibilit\u00e9 - Dollarama\" \/>\n<meta property=\"og:description\" content=\"D\u00e9couvrez comment Dollarama supporte la Loi sur l\u2019accessibilit\u00e9 pour les personnes handicap\u00e9es de l\u2019Ontario.\" \/>\n<meta property=\"og:url\" content=\"https:\/\/stg.dollarama.com\/fr\/loi-sur-l-accessibilite-pour-les-personnes-handicapees-de-l-ontario\" \/>\n<meta property=\"og:site_name\" content=\"Dollarama\" \/>\n<meta property=\"article:modified_time\" content=\"2024-06-10T12:58:06+00:00\" \/>\n<meta name=\"twitter:card\" content=\"summary_large_image\" \/>\n<meta name=\"twitter:label1\" content=\"Estimation du temps de lecture\" \/>\n\t<meta name=\"twitter:data1\" content=\"1 minute\" \/>\n<script type=\"application\/ld+json\" class=\"yoast-schema-graph\">{\"@context\":\"https:\/\/schema.org\",\"@graph\":[{\"@type\":\"WebPage\",\"@id\":\"https:\/\/stg.dollarama.com\/fr\/loi-sur-l-accessibilite-pour-les-personnes-handicapees-de-l-ontario\",\"url\":\"https:\/\/stg.dollarama.com\/fr\/loi-sur-l-accessibilite-pour-les-personnes-handicapees-de-l-ontario\",\"name\":\"Accessibilit\u00e9 - Dollarama\",\"isPartOf\":{\"@id\":\"https:\/\/stg.dollarama.com\/#website\"},\"datePublished\":\"2015-11-26T01:20:35+00:00\",\"dateModified\":\"2024-06-10T12:58:06+00:00\",\"description\":\"D\u00e9couvrez comment Dollarama supporte la Loi sur l\u2019accessibilit\u00e9 pour les personnes handicap\u00e9es de l\u2019Ontario.\",\"breadcrumb\":{\"@id\":\"https:\/\/stg.dollarama.com\/fr\/loi-sur-l-accessibilite-pour-les-personnes-handicapees-de-l-ontario#breadcrumb\"},\"inLanguage\":\"fr-CA\",\"potentialAction\":[{\"@type\":\"ReadAction\",\"target\":[\"https:\/\/stg.dollarama.com\/fr\/loi-sur-l-accessibilite-pour-les-personnes-handicapees-de-l-ontario\"]}]},{\"@type\":\"BreadcrumbList\",\"@id\":\"https:\/\/stg.dollarama.com\/fr\/loi-sur-l-accessibilite-pour-les-personnes-handicapees-de-l-ontario#breadcrumb\",\"itemListElement\":[{\"@type\":\"ListItem\",\"position\":1,\"name\":\"Home\",\"item\":\"https:\/\/stg.dollarama.com\/fr\"},{\"@type\":\"ListItem\",\"position\":2,\"name\":\"Accessibilit\u00e9\"}]},{\"@type\":\"WebSite\",\"@id\":\"https:\/\/stg.dollarama.com\/#website\",\"url\":\"https:\/\/stg.dollarama.com\/\",\"name\":\"Dollarama\",\"description\":\"Site Corporatif Dollarama\",\"potentialAction\":[{\"@type\":\"SearchAction\",\"target\":{\"@type\":\"EntryPoint\",\"urlTemplate\":\"https:\/\/stg.dollarama.com\/?s={search_term_string}\"},\"query-input\":{\"@type\":\"PropertyValueSpecification\",\"valueRequired\":true,\"valueName\":\"search_term_string\"}}],\"inLanguage\":\"fr-CA\"}]}<\/script>\n<!-- \/ Yoast SEO plugin. -->","yoast_head_json":{"title":"Accessibilit\u00e9 - Dollarama","description":"D\u00e9couvrez comment Dollarama supporte la Loi sur l\u2019accessibilit\u00e9 pour les personnes handicap\u00e9es de l\u2019Ontario.","robots":{"index":"noindex","follow":"nofollow"},"og_locale":"fr_CA","og_type":"article","og_title":"Accessibilit\u00e9 - Dollarama","og_description":"D\u00e9couvrez comment Dollarama supporte la Loi sur l\u2019accessibilit\u00e9 pour les personnes handicap\u00e9es de l\u2019Ontario.","og_url":"https:\/\/stg.dollarama.com\/fr\/loi-sur-l-accessibilite-pour-les-personnes-handicapees-de-l-ontario","og_site_name":"Dollarama","article_modified_time":"2024-06-10T12:58:06+00:00","twitter_card":"summary_large_image","twitter_misc":{"Estimation du temps de lecture":"1 minute"},"schema":{"@context":"https:\/\/schema.org","@graph":[{"@type":"WebPage","@id":"https:\/\/stg.dollarama.com\/fr\/loi-sur-l-accessibilite-pour-les-personnes-handicapees-de-l-ontario","url":"https:\/\/stg.dollarama.com\/fr\/loi-sur-l-accessibilite-pour-les-personnes-handicapees-de-l-ontario","name":"Accessibilit\u00e9 - Dollarama","isPartOf":{"@id":"https:\/\/stg.dollarama.com\/#website"},"datePublished":"2015-11-26T01:20:35+00:00","dateModified":"2024-06-10T12:58:06+00:00","description":"D\u00e9couvrez comment Dollarama supporte la Loi sur l\u2019accessibilit\u00e9 pour les personnes handicap\u00e9es de l\u2019Ontario.","breadcrumb":{"@id":"https:\/\/stg.dollarama.com\/fr\/loi-sur-l-accessibilite-pour-les-personnes-handicapees-de-l-ontario#breadcrumb"},"inLanguage":"fr-CA","potentialAction":[{"@type":"ReadAction","target":["https:\/\/stg.dollarama.com\/fr\/loi-sur-l-accessibilite-pour-les-personnes-handicapees-de-l-ontario"]}]},{"@type":"BreadcrumbList","@id":"https:\/\/stg.dollarama.com\/fr\/loi-sur-l-accessibilite-pour-les-personnes-handicapees-de-l-ontario#breadcrumb","itemListElement":[{"@type":"ListItem","position":1,"name":"Home","item":"https:\/\/stg.dollarama.com\/fr"},{"@type":"ListItem","position":2,"name":"Accessibilit\u00e9"}]},{"@type":"WebSite","@id":"https:\/\/stg.dollarama.com\/#website","url":"https:\/\/stg.dollarama.com\/","name":"Dollarama","description":"Site Corporatif Dollarama","potentialAction":[{"@type":"SearchAction","target":{"@type":"EntryPoint","urlTemplate":"https:\/\/stg.dollarama.com\/?s={search_term_string}"},"query-input":{"@type":"PropertyValueSpecification","valueRequired":true,"valueName":"search_term_string"}}],"inLanguage":"fr-CA"}]}},"_links":{"self":[{"href":"https:\/\/stg.dollarama.com\/fr\/wp-json\/wp\/v2\/pages\/433","targetHints":{"allow":["GET"]}}],"collection":[{"href":"https:\/\/stg.dollarama.com\/fr\/wp-json\/wp\/v2\/pages"}],"about":[{"href":"https:\/\/stg.dollarama.com\/fr\/wp-json\/wp\/v2\/types\/page"}],"author":[{"embeddable":true,"href":"https:\/\/stg.dollarama.com\/fr\/wp-json\/wp\/v2\/users\/1"}],"replies":[{"embeddable":true,"href":"https:\/\/stg.dollarama.com\/fr\/wp-json\/wp\/v2\/comments?post=433"}],"version-history":[{"count":11,"href":"https:\/\/stg.dollarama.com\/fr\/wp-json\/wp\/v2\/pages\/433\/revisions"}],"predecessor-version":[{"id":5144,"href":"https:\/\/stg.dollarama.com\/fr\/wp-json\/wp\/v2\/pages\/433\/revisions\/5144"}],"wp:attachment":[{"href":"https:\/\/stg.dollarama.com\/fr\/wp-json\/wp\/v2\/media?parent=433"}],"curies":[{"name":"wp","href":"https:\/\/api.w.org\/{rel}","templated":true}]}}