{"id":462,"date":"2015-06-28T14:23:22","date_gmt":"2015-06-28T18:23:22","guid":{"rendered":"http:\/\/dolla.jplaverdure.ca\/fr\/careers\/"},"modified":"2025-02-24T13:21:04","modified_gmt":"2025-02-24T18:21:04","slug":"carrieres","status":"publish","type":"page","link":"https:\/\/stg.dollarama.com\/fr\/carrieres","title":{"rendered":"Carri\u00e8res"},"content":{"rendered":"","protected":false},"excerpt":{"rendered":"","protected":false},"author":1,"featured_media":0,"parent":0,"menu_order":3,"comment_status":"open","ping_status":"closed","template":"template-career_new-04-26-2023.php","meta":{"footnotes":""},"class_list":["post-462","page","type-page","status-publish","hentry"],"yoast_head":"<!-- This site is optimized with the Yoast SEO plugin v26.2 - https:\/\/yoast.com\/wordpress\/plugins\/seo\/ -->\n<title>Carri\u00e8res - Dollarama<\/title>\n<meta name=\"description\" content=\"Trouvez touts l&#039;information n\u00e9cessaire pour d\u00e9buter votre carri\u00e8re chez Dollarama.\" \/>\n<meta name=\"robots\" content=\"noindex, nofollow\" \/>\n<meta property=\"og:locale\" content=\"fr_CA\" \/>\n<meta property=\"og:type\" content=\"article\" \/>\n<meta property=\"og:title\" content=\"Carri\u00e8res - Dollarama\" \/>\n<meta property=\"og:description\" content=\"Trouvez touts l&#039;information n\u00e9cessaire pour d\u00e9buter votre carri\u00e8re chez Dollarama.\" \/>\n<meta property=\"og:url\" content=\"https:\/\/stg.dollarama.com\/fr\/carrieres\" \/>\n<meta property=\"og:site_name\" content=\"Dollarama\" \/>\n<meta property=\"article:modified_time\" content=\"2025-02-24T18:21:04+00:00\" \/>\n<meta name=\"twitter:card\" content=\"summary_large_image\" \/>\n<script type=\"application\/ld+json\" class=\"yoast-schema-graph\">{\"@context\":\"https:\/\/schema.org\",\"@graph\":[{\"@type\":\"WebPage\",\"@id\":\"https:\/\/stg.dollarama.com\/fr\/carrieres\",\"url\":\"https:\/\/stg.dollarama.com\/fr\/carrieres\",\"name\":\"Carri\u00e8res - Dollarama\",\"isPartOf\":{\"@id\":\"https:\/\/stg.dollarama.com\/#website\"},\"datePublished\":\"2015-06-28T18:23:22+00:00\",\"dateModified\":\"2025-02-24T18:21:04+00:00\",\"description\":\"Trouvez touts l'information n\u00e9cessaire pour d\u00e9buter votre carri\u00e8re chez Dollarama.\",\"breadcrumb\":{\"@id\":\"https:\/\/stg.dollarama.com\/fr\/carrieres#breadcrumb\"},\"inLanguage\":\"fr-CA\",\"potentialAction\":[{\"@type\":\"ReadAction\",\"target\":[\"https:\/\/stg.dollarama.com\/fr\/carrieres\"]}]},{\"@type\":\"BreadcrumbList\",\"@id\":\"https:\/\/stg.dollarama.com\/fr\/carrieres#breadcrumb\",\"itemListElement\":[{\"@type\":\"ListItem\",\"position\":1,\"name\":\"Home\",\"item\":\"https:\/\/stg.dollarama.com\/fr\"},{\"@type\":\"ListItem\",\"position\":2,\"name\":\"Carri\u00e8res\"}]},{\"@type\":\"WebSite\",\"@id\":\"https:\/\/stg.dollarama.com\/#website\",\"url\":\"https:\/\/stg.dollarama.com\/\",\"name\":\"Dollarama\",\"description\":\"Site Corporatif Dollarama\",\"potentialAction\":[{\"@type\":\"SearchAction\",\"target\":{\"@type\":\"EntryPoint\",\"urlTemplate\":\"https:\/\/stg.dollarama.com\/?s={search_term_string}\"},\"query-input\":{\"@type\":\"PropertyValueSpecification\",\"valueRequired\":true,\"valueName\":\"search_term_string\"}}],\"inLanguage\":\"fr-CA\"}]}<\/script>\n<!-- \/ Yoast SEO plugin. -->","yoast_head_json":{"title":"Carri\u00e8res - Dollarama","description":"Trouvez touts l'information n\u00e9cessaire pour d\u00e9buter votre carri\u00e8re chez Dollarama.","robots":{"index":"noindex","follow":"nofollow"},"og_locale":"fr_CA","og_type":"article","og_title":"Carri\u00e8res - Dollarama","og_description":"Trouvez touts l'information n\u00e9cessaire pour d\u00e9buter votre carri\u00e8re chez Dollarama.","og_url":"https:\/\/stg.dollarama.com\/fr\/carrieres","og_site_name":"Dollarama","article_modified_time":"2025-02-24T18:21:04+00:00","twitter_card":"summary_large_image","schema":{"@context":"https:\/\/schema.org","@graph":[{"@type":"WebPage","@id":"https:\/\/stg.dollarama.com\/fr\/carrieres","url":"https:\/\/stg.dollarama.com\/fr\/carrieres","name":"Carri\u00e8res - Dollarama","isPartOf":{"@id":"https:\/\/stg.dollarama.com\/#website"},"datePublished":"2015-06-28T18:23:22+00:00","dateModified":"2025-02-24T18:21:04+00:00","description":"Trouvez touts l'information n\u00e9cessaire pour d\u00e9buter votre carri\u00e8re chez Dollarama.","breadcrumb":{"@id":"https:\/\/stg.dollarama.com\/fr\/carrieres#breadcrumb"},"inLanguage":"fr-CA","potentialAction":[{"@type":"ReadAction","target":["https:\/\/stg.dollarama.com\/fr\/carrieres"]}]},{"@type":"BreadcrumbList","@id":"https:\/\/stg.dollarama.com\/fr\/carrieres#breadcrumb","itemListElement":[{"@type":"ListItem","position":1,"name":"Home","item":"https:\/\/stg.dollarama.com\/fr"},{"@type":"ListItem","position":2,"name":"Carri\u00e8res"}]},{"@type":"WebSite","@id":"https:\/\/stg.dollarama.com\/#website","url":"https:\/\/stg.dollarama.com\/","name":"Dollarama","description":"Site Corporatif Dollarama","potentialAction":[{"@type":"SearchAction","target":{"@type":"EntryPoint","urlTemplate":"https:\/\/stg.dollarama.com\/?s={search_term_string}"},"query-input":{"@type":"PropertyValueSpecification","valueRequired":true,"valueName":"search_term_string"}}],"inLanguage":"fr-CA"}]}},"_links":{"self":[{"href":"https:\/\/stg.dollarama.com\/fr\/wp-json\/wp\/v2\/pages\/462","targetHints":{"allow":["GET"]}}],"collection":[{"href":"https:\/\/stg.dollarama.com\/fr\/wp-json\/wp\/v2\/pages"}],"about":[{"href":"https:\/\/stg.dollarama.com\/fr\/wp-json\/wp\/v2\/types\/page"}],"author":[{"embeddable":true,"href":"https:\/\/stg.dollarama.com\/fr\/wp-json\/wp\/v2\/users\/1"}],"replies":[{"embeddable":true,"href":"https:\/\/stg.dollarama.com\/fr\/wp-json\/wp\/v2\/comments?post=462"}],"version-history":[{"count":2,"href":"https:\/\/stg.dollarama.com\/fr\/wp-json\/wp\/v2\/pages\/462\/revisions"}],"predecessor-version":[{"id":464,"href":"https:\/\/stg.dollarama.com\/fr\/wp-json\/wp\/v2\/pages\/462\/revisions\/464"}],"wp:attachment":[{"href":"https:\/\/stg.dollarama.com\/fr\/wp-json\/wp\/v2\/media?parent=462"}],"curies":[{"name":"wp","href":"https:\/\/api.w.org\/{rel}","templated":true}]}}