{"id":468,"date":"2015-06-28T14:57:20","date_gmt":"2015-06-28T18:57:20","guid":{"rendered":"http:\/\/dolla.jplaverdure.ca\/fr\/contact-us\/"},"modified":"2024-11-20T08:40:14","modified_gmt":"2024-11-20T13:40:14","slug":"nous-joindre","status":"publish","type":"page","link":"https:\/\/stg.dollarama.com\/fr\/nous-joindre","title":{"rendered":"Nous joindre"},"content":{"rendered":"","protected":false},"excerpt":{"rendered":"","protected":false},"author":1,"featured_media":0,"parent":0,"menu_order":4,"comment_status":"closed","ping_status":"closed","template":"template-contact.php","meta":{"footnotes":""},"class_list":["post-468","page","type-page","status-publish","hentry"],"yoast_head":"<!-- This site is optimized with the Yoast SEO plugin v26.2 - https:\/\/yoast.com\/wordpress\/plugins\/seo\/ -->\n<title>Nous joindre - Dollarama<\/title>\n<meta name=\"description\" content=\"Trouvez r\u00e9ponse \u00e0 bon nombre de question fr\u00e9quemment pos\u00e9es ou entrez en contact avec notre groupe de support \u00e0 la client\u00e8le.\" \/>\n<meta name=\"robots\" content=\"noindex, nofollow\" \/>\n<meta property=\"og:locale\" content=\"fr_CA\" \/>\n<meta property=\"og:type\" content=\"article\" \/>\n<meta property=\"og:title\" content=\"Nous joindre - Dollarama\" \/>\n<meta property=\"og:description\" content=\"Trouvez r\u00e9ponse \u00e0 bon nombre de question fr\u00e9quemment pos\u00e9es ou entrez en contact avec notre groupe de support \u00e0 la client\u00e8le.\" \/>\n<meta property=\"og:url\" content=\"https:\/\/stg.dollarama.com\/fr\/nous-joindre\" \/>\n<meta property=\"og:site_name\" content=\"Dollarama\" \/>\n<meta property=\"article:modified_time\" content=\"2024-11-20T13:40:14+00:00\" \/>\n<meta name=\"twitter:card\" content=\"summary_large_image\" \/>\n<script type=\"application\/ld+json\" class=\"yoast-schema-graph\">{\"@context\":\"https:\/\/schema.org\",\"@graph\":[{\"@type\":\"WebPage\",\"@id\":\"https:\/\/stg.dollarama.com\/fr\/nous-joindre\",\"url\":\"https:\/\/stg.dollarama.com\/fr\/nous-joindre\",\"name\":\"Nous joindre - Dollarama\",\"isPartOf\":{\"@id\":\"https:\/\/stg.dollarama.com\/#website\"},\"datePublished\":\"2015-06-28T18:57:20+00:00\",\"dateModified\":\"2024-11-20T13:40:14+00:00\",\"description\":\"Trouvez r\u00e9ponse \u00e0 bon nombre de question fr\u00e9quemment pos\u00e9es ou entrez en contact avec notre groupe de support \u00e0 la client\u00e8le.\",\"breadcrumb\":{\"@id\":\"https:\/\/stg.dollarama.com\/fr\/nous-joindre#breadcrumb\"},\"inLanguage\":\"fr-CA\",\"potentialAction\":[{\"@type\":\"ReadAction\",\"target\":[\"https:\/\/stg.dollarama.com\/fr\/nous-joindre\"]}]},{\"@type\":\"BreadcrumbList\",\"@id\":\"https:\/\/stg.dollarama.com\/fr\/nous-joindre#breadcrumb\",\"itemListElement\":[{\"@type\":\"ListItem\",\"position\":1,\"name\":\"Home\",\"item\":\"https:\/\/stg.dollarama.com\/fr\"},{\"@type\":\"ListItem\",\"position\":2,\"name\":\"Nous joindre\"}]},{\"@type\":\"WebSite\",\"@id\":\"https:\/\/stg.dollarama.com\/#website\",\"url\":\"https:\/\/stg.dollarama.com\/\",\"name\":\"Dollarama\",\"description\":\"Site Corporatif Dollarama\",\"potentialAction\":[{\"@type\":\"SearchAction\",\"target\":{\"@type\":\"EntryPoint\",\"urlTemplate\":\"https:\/\/stg.dollarama.com\/?s={search_term_string}\"},\"query-input\":{\"@type\":\"PropertyValueSpecification\",\"valueRequired\":true,\"valueName\":\"search_term_string\"}}],\"inLanguage\":\"fr-CA\"}]}<\/script>\n<!-- \/ Yoast SEO plugin. -->","yoast_head_json":{"title":"Nous joindre - Dollarama","description":"Trouvez r\u00e9ponse \u00e0 bon nombre de question fr\u00e9quemment pos\u00e9es ou entrez en contact avec notre groupe de support \u00e0 la client\u00e8le.","robots":{"index":"noindex","follow":"nofollow"},"og_locale":"fr_CA","og_type":"article","og_title":"Nous joindre - Dollarama","og_description":"Trouvez r\u00e9ponse \u00e0 bon nombre de question fr\u00e9quemment pos\u00e9es ou entrez en contact avec notre groupe de support \u00e0 la client\u00e8le.","og_url":"https:\/\/stg.dollarama.com\/fr\/nous-joindre","og_site_name":"Dollarama","article_modified_time":"2024-11-20T13:40:14+00:00","twitter_card":"summary_large_image","schema":{"@context":"https:\/\/schema.org","@graph":[{"@type":"WebPage","@id":"https:\/\/stg.dollarama.com\/fr\/nous-joindre","url":"https:\/\/stg.dollarama.com\/fr\/nous-joindre","name":"Nous joindre - Dollarama","isPartOf":{"@id":"https:\/\/stg.dollarama.com\/#website"},"datePublished":"2015-06-28T18:57:20+00:00","dateModified":"2024-11-20T13:40:14+00:00","description":"Trouvez r\u00e9ponse \u00e0 bon nombre de question fr\u00e9quemment pos\u00e9es ou entrez en contact avec notre groupe de support \u00e0 la client\u00e8le.","breadcrumb":{"@id":"https:\/\/stg.dollarama.com\/fr\/nous-joindre#breadcrumb"},"inLanguage":"fr-CA","potentialAction":[{"@type":"ReadAction","target":["https:\/\/stg.dollarama.com\/fr\/nous-joindre"]}]},{"@type":"BreadcrumbList","@id":"https:\/\/stg.dollarama.com\/fr\/nous-joindre#breadcrumb","itemListElement":[{"@type":"ListItem","position":1,"name":"Home","item":"https:\/\/stg.dollarama.com\/fr"},{"@type":"ListItem","position":2,"name":"Nous joindre"}]},{"@type":"WebSite","@id":"https:\/\/stg.dollarama.com\/#website","url":"https:\/\/stg.dollarama.com\/","name":"Dollarama","description":"Site Corporatif Dollarama","potentialAction":[{"@type":"SearchAction","target":{"@type":"EntryPoint","urlTemplate":"https:\/\/stg.dollarama.com\/?s={search_term_string}"},"query-input":{"@type":"PropertyValueSpecification","valueRequired":true,"valueName":"search_term_string"}}],"inLanguage":"fr-CA"}]}},"_links":{"self":[{"href":"https:\/\/stg.dollarama.com\/fr\/wp-json\/wp\/v2\/pages\/468","targetHints":{"allow":["GET"]}}],"collection":[{"href":"https:\/\/stg.dollarama.com\/fr\/wp-json\/wp\/v2\/pages"}],"about":[{"href":"https:\/\/stg.dollarama.com\/fr\/wp-json\/wp\/v2\/types\/page"}],"author":[{"embeddable":true,"href":"https:\/\/stg.dollarama.com\/fr\/wp-json\/wp\/v2\/users\/1"}],"replies":[{"embeddable":true,"href":"https:\/\/stg.dollarama.com\/fr\/wp-json\/wp\/v2\/comments?post=468"}],"version-history":[{"count":5,"href":"https:\/\/stg.dollarama.com\/fr\/wp-json\/wp\/v2\/pages\/468\/revisions"}],"predecessor-version":[{"id":473,"href":"https:\/\/stg.dollarama.com\/fr\/wp-json\/wp\/v2\/pages\/468\/revisions\/473"}],"wp:attachment":[{"href":"https:\/\/stg.dollarama.com\/fr\/wp-json\/wp\/v2\/media?parent=468"}],"curies":[{"name":"wp","href":"https:\/\/api.w.org\/{rel}","templated":true}]}}